{"id":4650,"date":"2025-07-03T23:57:57","date_gmt":"2025-07-03T23:57:57","guid":{"rendered":"https:\/\/florofruto.com\/?post_type=product&#038;p=4650"},"modified":"2025-11-18T01:20:41","modified_gmt":"2025-11-18T01:20:41","slug":"chamoy","status":"publish","type":"product","link":"https:\/\/florofruto.com\/?product=chamoy","title":{"rendered":"Chamoy"},"content":{"rendered":"","protected":false},"excerpt":{"rendered":"<p><strong>Ingredientes:<\/strong> Agua, mezcla de frutos deshidratados, jamaica, lim\u00f3n en polvo, chile ne polvo, \u00e1cido citr\u00edco, goma xantana.<\/p>\n<p><em>* Sin az\u00facares a\u00f1adidos<\/em><\/p>\n","protected":false},"featured_media":4654,"comment_status":"open","ping_status":"closed","template":"","meta":[],"product_cat":[29],"product_tag":[],"_links":{"self":[{"href":"https:\/\/florofruto.com\/index.php?rest_route=\/wp\/v2\/product\/4650"}],"collection":[{"href":"https:\/\/florofruto.com\/index.php?rest_route=\/wp\/v2\/product"}],"about":[{"href":"https:\/\/florofruto.com\/index.php?rest_route=\/wp\/v2\/types\/product"}],"replies":[{"embeddable":true,"href":"https:\/\/florofruto.com\/index.php?rest_route=%2Fwp%2Fv2%2Fcomments&post=4650"}],"wp:featuredmedia":[{"embeddable":true,"href":"https:\/\/florofruto.com\/index.php?rest_route=\/wp\/v2\/media\/4654"}],"wp:attachment":[{"href":"https:\/\/florofruto.com\/index.php?rest_route=%2Fwp%2Fv2%2Fmedia&parent=4650"}],"wp:term":[{"taxonomy":"product_cat","embeddable":true,"href":"https:\/\/florofruto.com\/index.php?rest_route=%2Fwp%2Fv2%2Fproduct_cat&post=4650"},{"taxonomy":"product_tag","embeddable":true,"href":"https:\/\/florofruto.com\/index.php?rest_route=%2Fwp%2Fv2%2Fproduct_tag&post=4650"}],"curies":[{"name":"wp","href":"https:\/\/api.w.org\/{rel}","templated":true}]}}