{"id":4673,"date":"2025-08-07T01:54:20","date_gmt":"2025-08-07T01:54:20","guid":{"rendered":"https:\/\/florofruto.com\/?post_type=product&#038;p=4673"},"modified":"2025-11-18T01:20:41","modified_gmt":"2025-11-18T01:20:41","slug":"kefir","status":"publish","type":"product","link":"https:\/\/florofruto.com\/?product=kefir","title":{"rendered":"Kefir"},"content":{"rendered":"<p>El k\u00e9fir de agua es una bebida fermentada que contiene probi\u00f3ticos y puede ofrecer varios beneficios para la salud. Es bajo en calor\u00edas y grasas, y rico en probi\u00f3ticos, vitaminas y minerales. Puede ayudar a mejorar la hidrataci\u00f3n, reducir la acidez estomacal y fortalecer el sistema inmunol\u00f3gico.<\/p>\n<ul>\n<li>Fortalece el sistema digestivo<\/li>\n<li>Mejora el sistema inmunol\u00f3gico<\/li>\n<li>Disminuye toxinas<\/li>\n<li>Mejora el estado de \u00e1nimo<\/li>\n<\/ul>\n<p>* Comienza tomando 50ml al d\u00eda y despu\u00e9s aumenta la dosis.<br \/>\n** Conserv\u00e9se en refrigeraci\u00f3n y una vez abierto consumir en menos de 10 d\u00edas.<\/p>\n<p>Efectos secundarios potenciales:<br \/>\n1. <strong>Dolor abdominal y gases:<\/strong> El k\u00e9fir de agua contiene probi\u00f3ticos que pueden causar un aumento en la producci\u00f3n de gases en el intestino, lo que puede llevar a dolor abdominal y flatulencia.<br \/>\n2. <strong>Diarr\u00e9a:<\/strong> El k\u00e9fir de agua puede causar un aumento en la frecuencia y la cantidad de heces, lo que puede llevar a diarrea.<\/p>\n<p>Precauciones:<br \/>\n1. <strong>Comienza con peque\u00f1as cantidades:<\/strong> Si eres nuevo en el consumo de k\u00e9fir de agua, comienza con peque\u00f1as cantidades (1\/2 taza o 120 ml) y aumenta gradualmente la cantidad seg\u00fan sea necesario.<br \/>\n2. <strong>Escucha a tu cuerpo:<\/strong> Si experimentas alg\u00fan efecto secundario, reduce la cantidad o deja de consumir k\u00e9fir de agua\u00a0por\u00a0un\u00a0tiempo.<\/p>\n<p>&nbsp;<\/p>\n<p>&nbsp;<\/p>\n","protected":false},"excerpt":{"rendered":"<p>El k\u00e9fir de agua es una bebida fermentada que contiene probi\u00f3ticos y puede ofrecer varios beneficios para la salud. Es bajo en calor\u00edas y grasas, y rico en probi\u00f3ticos, vitaminas y minerales. Puede ayudar a mejorar la hidrataci\u00f3n, reducir la acidez estomacal y fortalecer el sistema inmunol\u00f3gico.<\/p>\n<p>Disponible para <strong>env\u00edos solo dentro de la zona metropolitana de Guadalajara\u00a0<\/strong><\/p>\n","protected":false},"featured_media":4666,"comment_status":"open","ping_status":"closed","template":"","meta":[],"product_cat":[32],"product_tag":[],"_links":{"self":[{"href":"https:\/\/florofruto.com\/index.php?rest_route=\/wp\/v2\/product\/4673"}],"collection":[{"href":"https:\/\/florofruto.com\/index.php?rest_route=\/wp\/v2\/product"}],"about":[{"href":"https:\/\/florofruto.com\/index.php?rest_route=\/wp\/v2\/types\/product"}],"replies":[{"embeddable":true,"href":"https:\/\/florofruto.com\/index.php?rest_route=%2Fwp%2Fv2%2Fcomments&post=4673"}],"wp:featuredmedia":[{"embeddable":true,"href":"https:\/\/florofruto.com\/index.php?rest_route=\/wp\/v2\/media\/4666"}],"wp:attachment":[{"href":"https:\/\/florofruto.com\/index.php?rest_route=%2Fwp%2Fv2%2Fmedia&parent=4673"}],"wp:term":[{"taxonomy":"product_cat","embeddable":true,"href":"https:\/\/florofruto.com\/index.php?rest_route=%2Fwp%2Fv2%2Fproduct_cat&post=4673"},{"taxonomy":"product_tag","embeddable":true,"href":"https:\/\/florofruto.com\/index.php?rest_route=%2Fwp%2Fv2%2Fproduct_tag&post=4673"}],"curies":[{"name":"wp","href":"https:\/\/api.w.org\/{rel}","templated":true}]}}