{"id":4730,"date":"2025-12-10T23:41:04","date_gmt":"2025-12-10T23:41:04","guid":{"rendered":"https:\/\/florofruto.com\/?post_type=product&#038;p=4730"},"modified":"2025-12-11T00:02:44","modified_gmt":"2025-12-11T00:02:44","slug":"salsa-macha-con-arandano-picante","status":"publish","type":"product","link":"https:\/\/florofruto.com\/?product=salsa-macha-con-arandano-picante","title":{"rendered":"Salsa macha AR\u00c1NDANO PICANTE"},"content":{"rendered":"","protected":false},"excerpt":{"rendered":"<p><strong>Ingredientes:\u00a0<\/strong><span class=\"OYPEnA text-decoration-none text-strikethrough-none\">aceite de oliva, chile pasilla, chile de \u00e1rbol, ar\u00e1ndano, ajo, sal de mar y ajonjol\u00ed.<\/span><\/p>\n","protected":false},"featured_media":4712,"comment_status":"open","ping_status":"closed","template":"","meta":[],"product_cat":[29],"product_tag":[],"_links":{"self":[{"href":"https:\/\/florofruto.com\/index.php?rest_route=\/wp\/v2\/product\/4730"}],"collection":[{"href":"https:\/\/florofruto.com\/index.php?rest_route=\/wp\/v2\/product"}],"about":[{"href":"https:\/\/florofruto.com\/index.php?rest_route=\/wp\/v2\/types\/product"}],"replies":[{"embeddable":true,"href":"https:\/\/florofruto.com\/index.php?rest_route=%2Fwp%2Fv2%2Fcomments&post=4730"}],"wp:featuredmedia":[{"embeddable":true,"href":"https:\/\/florofruto.com\/index.php?rest_route=\/wp\/v2\/media\/4712"}],"wp:attachment":[{"href":"https:\/\/florofruto.com\/index.php?rest_route=%2Fwp%2Fv2%2Fmedia&parent=4730"}],"wp:term":[{"taxonomy":"product_cat","embeddable":true,"href":"https:\/\/florofruto.com\/index.php?rest_route=%2Fwp%2Fv2%2Fproduct_cat&post=4730"},{"taxonomy":"product_tag","embeddable":true,"href":"https:\/\/florofruto.com\/index.php?rest_route=%2Fwp%2Fv2%2Fproduct_tag&post=4730"}],"curies":[{"name":"wp","href":"https:\/\/api.w.org\/{rel}","templated":true}]}}